{"id":332120,"date":"2022-01-24T11:43:34","date_gmt":"2022-01-24T11:43:34","guid":{"rendered":"https:\/\/aceleratepyme.com\/?page_id=332120"},"modified":"2022-02-15T12:57:09","modified_gmt":"2022-02-15T12:57:09","slug":"kit-digital-gestion-de-redes-sociales","status":"publish","type":"page","link":"https:\/\/www.serinfe.com\/kit-digital\/kit-digital-gestion-de-redes-sociales\/","title":{"rendered":"Kit Digital Gesti\u00f3n de redes sociales"},"content":{"rendered":"<p>[et_pb_section fb_built=\u00bb1&#8243; _builder_version=\u00bb4.14.5&#8243; _module_preset=\u00bbdefault\u00bb background_color=\u00bb#0C71C3&#8243; use_background_color_gradient=\u00bbon\u00bb background_color_gradient_end=\u00bb#1b4482&#8243; custom_padding=\u00bb150px||150px||true|false\u00bb global_colors_info=\u00bb{}\u00bb][et_pb_row column_structure=\u00bb3_5,2_5&#8243; _builder_version=\u00bb4.14.5&#8243; _module_preset=\u00bbdefault\u00bb width=\u00bb70%\u00bb max_width=\u00bb1920px\u00bb custom_padding=\u00bb14px||14px||true|false\u00bb global_colors_info=\u00bb{}\u00bb][et_pb_column type=\u00bb3_5&#8243; _builder_version=\u00bb4.14.5&#8243; _module_preset=\u00bbdefault\u00bb global_colors_info=\u00bb{}\u00bb][et_pb_text _builder_version=\u00bb4.14.6&#8243; _module_preset=\u00bbdefault\u00bb header_font_size=\u00bb60px\u00bb background_layout=\u00bbdark\u00bb custom_padding=\u00bb||8px|||\u00bb global_colors_info=\u00bb{}\u00bb]<\/p>\n<h1>Kit Digital Gesti\u00f3n de redes sociales<\/h1>\n<h3><strong>Objetivo:<\/strong><\/h3>\n<h3>Promocionar a las empresas beneficiarias en redes sociales.<\/h3>\n<p>[\/et_pb_text][\/et_pb_column][et_pb_column type=\u00bb2_5&#8243; _builder_version=\u00bb4.14.5&#8243; _module_preset=\u00bbdefault\u00bb global_colors_info=\u00bb{}\u00bb][et_pb_image src=\u00bbhttps:\/\/www.serinfe.com\/kit-digital\/wp-content\/uploads\/2022\/01\/5395107_trans.png\u00bb title_text=\u00bb5395107_trans\u00bb _builder_version=\u00bb4.14.7&#8243; _module_preset=\u00bbdefault\u00bb width=\u00bb100%\u00bb module_alignment=\u00bbcenter\u00bb custom_margin=\u00bb-150px||||false|false\u00bb global_colors_info=\u00bb{}\u00bb][\/et_pb_image][\/et_pb_column][\/et_pb_row][\/et_pb_section][et_pb_section fb_built=\u00bb1&#8243; prev_background_color=\u00bb#0C71C3&#8243; _builder_version=\u00bb4.9.4&#8243; _module_preset=\u00bbdefault\u00bb background_color=\u00bb#f5f6f7&#8243; custom_margin=\u00bb-132px|||||\u00bb custom_padding=\u00bb0px||0px||true|false\u00bb top_divider_style=\u00bbcurve2&#8243; top_divider_flip=\u00bbvertical\u00bb hover_enabled=\u00bb0&#8243; global_colors_info=\u00bb{}\u00bb module_class=\u00bbcontseptop\u00bb sticky_enabled=\u00bb0&#8243;][et_pb_row column_structure=\u00bb1_3,1_3,1_3&#8243; _builder_version=\u00bb4.14.5&#8243; _module_preset=\u00bbdefault\u00bb width=\u00bb70%\u00bb max_width=\u00bb1920px\u00bb custom_padding=\u00bb25px||25px||true|false\u00bb global_colors_info=\u00bb{}\u00bb][et_pb_column type=\u00bb1_3&#8243; _builder_version=\u00bb4.14.5&#8243; _module_preset=\u00bbdefault\u00bb global_colors_info=\u00bb{}\u00bb][et_pb_blurb title=\u00bbSocial Media Plan\u00bb icon_alignment=\u00bbleft\u00bb _builder_version=\u00bb4.14.7&#8243; _module_preset=\u00bbdefault\u00bb header_font=\u00bb|700|||||||\u00bb header_font_size=\u00bb22px\u00bb body_font=\u00bb||||||||\u00bb global_colors_info=\u00bb{}\u00bb]<\/p>\n<p><span style=\"font-weight: 400\">D<\/span><span style=\"font-weight: 400\">efinici\u00f3n e implementaci\u00f3n de una estrategia de redes sociales alineada con la misi\u00f3n y visi\u00f3n de la pyme, que sea relevante y conecte con los potenciales clientes, y fidelice a aquellos usuarios que ya lo sean.<\/span><\/p>\n<p>[\/et_pb_blurb][et_pb_blurb title=\u00bbGesti\u00f3n de una red social\u00bb icon_alignment=\u00bbleft\u00bb _builder_version=\u00bb4.14.7&#8243; _module_preset=\u00bbdefault\u00bb header_font=\u00bb|700|||||||\u00bb header_font_size=\u00bb22px\u00bb body_font=\u00bb||||||||\u00bb global_colors_info=\u00bb{}\u00bb]<\/p>\n<p>Administraci\u00f3n del perfil\/usuario de la pyme en, al menos, una red social.<\/p>\n<p>[\/et_pb_blurb][\/et_pb_column][et_pb_column type=\u00bb1_3&#8243; _builder_version=\u00bb4.14.5&#8243; _module_preset=\u00bbdefault\u00bb global_colors_info=\u00bb{}\u00bb][et_pb_blurb title=\u00bbMonitorizaci\u00f3n de redes sociales\u00bb icon_alignment=\u00bbleft\u00bb _builder_version=\u00bb4.14.7&#8243; _module_preset=\u00bbdefault\u00bb header_font=\u00bb|700|||||||\u00bb header_font_size=\u00bb22px\u00bb body_font=\u00bb||||||||\u00bb custom_padding=\u00bb0px|||||\u00bb global_colors_info=\u00bb{}\u00bb]<\/p>\n<p><span style=\"font-weight: 400\">Monitorizaci\u00f3n y control peri\u00f3dico a trav\u00e9s de m\u00e9tricas de referencia del impacto de las acciones, para cuantificar los resultados y comprobar si se est\u00e1n cumpliendo los objetivos marcados en la estrategia.<\/span><\/p>\n<p>[\/et_pb_blurb][et_pb_blurb title=\u00bbPublicaci\u00f3n de posts semanales\u00bb icon_alignment=\u00bbleft\u00bb _builder_version=\u00bb4.14.7&#8243; _module_preset=\u00bbdefault\u00bb header_font=\u00bb|700|||||||\u00bb header_font_size=\u00bb22px\u00bb body_font=\u00bb||||||||\u00bb locked=\u00bboff\u00bb global_colors_info=\u00bb{}\u00bb]<\/p>\n<p>Publicaci\u00f3n por parte del agente digitalizador de un m\u00ednimo de 4-8 entradas (posts) mensuales.<\/p>\n<p>[\/et_pb_blurb][\/et_pb_column][et_pb_column type=\u00bb1_3&#8243; _builder_version=\u00bb4.14.6&#8243; _module_preset=\u00bbdefault\u00bb global_colors_info=\u00bb{}\u00bb][et_pb_blurb title=\u00bbOptimizaci\u00f3n de la red\/Auditor\u00eda Social Media\u00bb icon_alignment=\u00bbleft\u00bb _builder_version=\u00bb4.14.7&#8243; _module_preset=\u00bbdefault\u00bb header_font=\u00bb|700|||||||\u00bb header_font_size=\u00bb22px\u00bb body_font=\u00bb||||||||\u00bb custom_margin=\u00bb||6px|||\u00bb global_colors_info=\u00bb{}\u00bb]<\/p>\n<p><span style=\"font-weight: 400\">An\u00e1lisis de los diferentes canales sociales para poder optimizar el rendimiento.<\/span><\/p>\n<p>[\/et_pb_blurb][\/et_pb_column][\/et_pb_row][et_pb_row _builder_version=\u00bb4.14.6&#8243; _module_preset=\u00bbdefault\u00bb custom_margin=\u00bb-51px|auto||auto||\u00bb global_colors_info=\u00bb{}\u00bb][et_pb_column type=\u00bb4_4&#8243; _builder_version=\u00bb4.14.6&#8243; _module_preset=\u00bbdefault\u00bb global_colors_info=\u00bb{}\u00bb][et_pb_text _builder_version=\u00bb4.14.6&#8243; _module_preset=\u00bbdefault\u00bb global_colors_info=\u00bb{}\u00bb]<\/p>\n<h4><strong>Importe de la ayuda:<\/strong><\/h4>\n<p>[\/et_pb_text][dvmd_table_maker tbl_row_header_count=\u00bb0&#8243; _builder_version=\u00bb4.14.7&#8243; _module_preset=\u00bbdefault\u00bb custom_margin=\u00bb-32px|||||\u00bb global_colors_info=\u00bb{}\u00bb][dvmd_table_maker_item col_label=\u00bbSegmento I\u00bb col_content=\u00bbSegmento I Peque\u00f1as empresas entre 10 y 50 empleados<br \/>\n2.500 \u20ac\u00bb col_tcell_cell_align_horz=\u00bbcenter\u00bb col_chead_cell_color=\u00bb#0C71C3&#8243; col_tcell_text_wrap=\u00bbnormal\u00bb _builder_version=\u00bb4.14.7&#8243; _module_preset=\u00bbdefault\u00bb global_colors_info=\u00bb{}\u00bb][\/dvmd_table_maker_item][dvmd_table_maker_item col_label=\u00bbSegmento II\u00bb col_content=\u00bbSegmento II Peque\u00f1as empresas entre 3 y 9 empleados<br \/>\n2.500 \u20ac\u00bb col_tcell_cell_align_horz=\u00bbcenter\u00bb col_chead_cell_color=\u00bb#0C71C3&#8243; col_chead_cell_align_horz=\u00bbcenter\u00bb col_chead_cell_align_vert=\u00bbcenter\u00bb col_rhead_cell_align_horz=\u00bbcenter\u00bb col_tcell_text_wrap=\u00bbnormal\u00bb _builder_version=\u00bb4.14.7&#8243; _module_preset=\u00bbdefault\u00bb global_colors_info=\u00bb{}\u00bb][\/dvmd_table_maker_item][dvmd_table_maker_item col_label=\u00bbSegmento III\u00bb col_content=\u00bbSegmento III Peque\u00f1as empresas entre 1 y 2 empleados y autoempleo<br \/>\n2.000 \u20ac\u00bb col_tcell_cell_align_horz=\u00bbcenter\u00bb col_chead_cell_color=\u00bb#0C71C3&#8243; _builder_version=\u00bb4.14.7&#8243; _module_preset=\u00bbdefault\u00bb global_colors_info=\u00bb{}\u00bb][\/dvmd_table_maker_item][\/dvmd_table_maker][\/et_pb_column][\/et_pb_row][et_pb_row column_structure=\u00bb1_3,1_3,1_3&#8243; _builder_version=\u00bb4.14.6&#8243; _module_preset=\u00bbdefault\u00bb max_width=\u00bb1779px\u00bb global_colors_info=\u00bb{}\u00bb][et_pb_column type=\u00bb1_3&#8243; _builder_version=\u00bb4.14.6&#8243; _module_preset=\u00bbdefault\u00bb global_colors_info=\u00bb{}\u00bb][et_pb_text _builder_version=\u00bb4.14.6&#8243; _module_preset=\u00bbdefault\u00bb custom_margin=\u00bb||0px|||\u00bb global_colors_info=\u00bb{}\u00bb]<\/p>\n<h3>Segmento I <\/h3>\n<p>[\/et_pb_text][dvmd_table_maker tbl_column_footer_count=\u00bb1&#8243; tbl_scrolling_active=\u00bbon\u00bb tbl_scrolling_col_sticky=\u00bbon\u00bb tbl_scrolling_row_sticky=\u00bbon\u00bb tbl_button_text=\u00bbSolicitar\u00bb tbl_button_url=\u00bbhttps:\/\/zfrmz.eu\/F2p7TyeCrxhC0fB1Z7Mq\u00bb tbl_button_target=\u00bb_blank\u00bb tbl_button_width=\u00bbblock\u00bb tbl_tcell_cell_align_horz=\u00bbcenter\u00bb tbl_tcell_cell_align_vert=\u00bbcenter\u00bb tbl_chead_cell_color=\u00bb#0C71C3&#8243; tbl_chead_cell_align_horz=\u00bbcenter\u00bb tbl_rhead_cell_align_horz=\u00bbleft\u00bb _builder_version=\u00bb4.14.7&#8243; _module_preset=\u00bbdefault\u00bb custom_button=\u00bbon\u00bb button_border_width=\u00bb0px\u00bb width=\u00bb100%\u00bb custom_padding=\u00bb|0px||||\u00bb border_width_all_tbl_tcell_cell_border=\u00bb0px\u00bb border_width_all_tbl_chead_cell_border=\u00bb0px\u00bb global_colors_info=\u00bb{}\u00bb][dvmd_table_maker_item col_content=\u00bb<\/p>\n<ul>\n<li>Plan Social Media<\/li>\n<\/ul>\n<ul>\n<li>Metricas Redes Sociales<\/li>\n<\/ul>\n<ul>\n<li>Duraci\u00f3n<\/li>\n<\/ul>\n<ul>\n<li>N\u00ba Post Trimestrales \/ Red Social<\/li>\n<\/ul>\n<ul>\n<li>N\u00ba Redes Sociales<\/ul>\n<ul>\n<li>Campa\u00f1a Google ADS<\/li>\n<\/ul>\n<ul>\n<li>Campa\u00f1a Facebook ADS<\/li>\n<\/ul>\n<ul>\n<li>Creaci\u00f3n LandPage \/ Campa\u00f1a<\/li>\n<\/ul>\n<p>Importe<br \/>\n   \u00bb col_column_max_width=\u00bb1.5fr\u00bb col_tcell_text_wrap=\u00bbnormal\u00bb _builder_version=\u00bb4.14.7&#8243; _module_preset=\u00bbdefault\u00bb global_colors_info=\u00bb{}\u00bb][\/dvmd_table_maker_item][dvmd_table_maker_item col_label=\u00bbRSS-Basic\u00bb col_content=\u00bbRSS-Basic<br \/>\ncheck<br \/>\ncheck<br \/>\n12 Meses<br \/>\n12<br \/>\n1<br \/>\nA determinar<br \/>\nA determinar<br \/>\n2 M\u00e1x. Anual (*)<br \/>\n<b>1.500 \u20ac<\/b> (*)<br \/>\n<button><\/button>\u00bb _builder_version=\u00bb4.14.7&#8243; _module_preset=\u00bbdefault\u00bb global_colors_info=\u00bb{}\u00bb][\/dvmd_table_maker_item][dvmd_table_maker_item col_label=\u00bbRSS-Est\u00e1ndar\u00bb col_content=\u00bbRSS-Est\u00e1ndar<br \/>\ncheck<br \/>\ncheck<br \/>\n12 Meses<br \/>\n24<br \/>\n2<br \/>\nA determinar<br \/>\nA determinar<br \/>\n4 M\u00e1x. Anual (*)<br \/>\n<b>2.990 \u20ac<\/b>(*)<br \/>\n<button><\/button>\u00bb _builder_version=\u00bb4.14.7&#8243; _module_preset=\u00bbdefault\u00bb global_colors_info=\u00bb{}\u00bb][\/dvmd_table_maker_item][dvmd_table_maker_item col_label=\u00bbRSS-Plus\u00bb col_content=\u00bbRSS-Plus<br \/>\ncheck<br \/>\ncheck<br \/>\n12 Meses<br \/>\n24<br \/>\n4<br \/>\nA determinar<br \/>\nA determinar<br \/>\n12 M\u00e1x. Anual (*)<br \/>\n<b>5.990 \u20ac<\/b> (*)<br \/>\n<button><\/button>\u00bb _builder_version=\u00bb4.14.7&#8243; _module_preset=\u00bbdefault\u00bb global_colors_info=\u00bb{}\u00bb][\/dvmd_table_maker_item][\/dvmd_table_maker][et_pb_text _builder_version=\u00bb4.14.7&#8243; _module_preset=\u00bbdefault\u00bb global_colors_info=\u00bb{}\u00bb]<\/p>\n<ul>\n<li>Se incluye la creaci\u00f3n de la LandPage siempre y cuando la creacion de la web se haya realizado por nosotros.<\/li>\n<li>El cliente realizar\u00e1 un deposito por un 60% del importe correspondiente\u00a0 a la opci\u00f3n contratada. Este deposito ser\u00e1 devuelto a la finalizaci\u00f3n del proyecto y cuando red.es nos abone el 60% de la cantidad subvencionada. El deposito podr\u00e1 ser fraccionado en cuotas trimestrales.<\/li>\n<\/ul>\n<p>[\/et_pb_text][\/et_pb_column][et_pb_column type=\u00bb1_3&#8243; _builder_version=\u00bb4.14.6&#8243; _module_preset=\u00bbdefault\u00bb global_colors_info=\u00bb{}\u00bb][et_pb_text _builder_version=\u00bb4.14.6&#8243; _module_preset=\u00bbdefault\u00bb custom_margin=\u00bb||0px|||\u00bb global_colors_info=\u00bb{}\u00bb]<\/p>\n<h3>Segmento II<\/h3>\n<p>[\/et_pb_text][dvmd_table_maker tbl_column_footer_count=\u00bb1&#8243; tbl_scrolling_active=\u00bbon\u00bb tbl_scrolling_col_sticky=\u00bbon\u00bb tbl_scrolling_row_sticky=\u00bbon\u00bb tbl_button_text=\u00bbSolicitar\u00bb tbl_button_url=\u00bbhttps:\/\/zfrmz.eu\/F2p7TyeCrxhC0fB1Z7Mq\u00bb tbl_button_target=\u00bb_blank\u00bb tbl_button_width=\u00bbblock\u00bb tbl_tcell_cell_align_horz=\u00bbcenter\u00bb tbl_tcell_cell_align_vert=\u00bbcenter\u00bb tbl_chead_cell_color=\u00bb#0C71C3&#8243; tbl_chead_cell_align_horz=\u00bbcenter\u00bb tbl_rhead_cell_align_horz=\u00bbleft\u00bb _builder_version=\u00bb4.14.7&#8243; _module_preset=\u00bbdefault\u00bb custom_button=\u00bbon\u00bb button_border_width=\u00bb0px\u00bb width=\u00bb100%\u00bb custom_padding=\u00bb|0px||||\u00bb border_width_all_tbl_tcell_cell_border=\u00bb0px\u00bb border_width_all_tbl_chead_cell_border=\u00bb0px\u00bb locked=\u00bboff\u00bb global_colors_info=\u00bb{}\u00bb][dvmd_table_maker_item col_content=\u00bb<\/p>\n<ul>\n<li>Plan Social Media<\/li>\n<\/ul>\n<ul>\n<li>Metricas Redes Sociales<\/li>\n<\/ul>\n<ul>\n<li>Duraci\u00f3n<\/li>\n<\/ul>\n<ul>\n<li>N\u00ba Post Trimestrales \/ Red Social<\/li>\n<\/ul>\n<ul>\n<li>N\u00ba Redes Sociales<\/ul>\n<ul>\n<li>Campa\u00f1a Google ADS<\/li>\n<\/ul>\n<ul>\n<li>Campa\u00f1a Facebook ADS<\/li>\n<\/ul>\n<ul>\n<li>Creaci\u00f3n LandPage \/ Campa\u00f1a<\/li>\n<\/ul>\n<p>Importe<br \/>\n   \u00bb col_column_max_width=\u00bb1.5fr\u00bb col_tcell_text_wrap=\u00bbnormal\u00bb _builder_version=\u00bb4.14.7&#8243; _module_preset=\u00bbdefault\u00bb global_colors_info=\u00bb{}\u00bb][\/dvmd_table_maker_item][dvmd_table_maker_item col_label=\u00bbRSS-Basic\u00bb col_content=\u00bbRSS-Basic<br \/>\ncheck<br \/>\ncheck<br \/>\n12 Meses<br \/>\n12<br \/>\n1<br \/>\nA determinar<br \/>\nA determinar<br \/>\n2 M\u00e1x. Anual (*)<br \/>\n<b>1.500 \u20ac<\/b> (*)<br \/>\n<button><\/button>\u00bb _builder_version=\u00bb4.14.7&#8243; _module_preset=\u00bbdefault\u00bb global_colors_info=\u00bb{}\u00bb][\/dvmd_table_maker_item][dvmd_table_maker_item col_label=\u00bbRSS-Est\u00e1ndar\u00bb col_content=\u00bbRSS-Est\u00e1ndar<br \/>\ncheck<br \/>\ncheck<br \/>\n12 Meses<br \/>\n24<br \/>\n2<br \/>\nA determinar<br \/>\nA determinar<br \/>\n4 M\u00e1x. Anual (*)<br \/>\n<b>2.990 \u20ac<\/b>(*)<br \/>\n<button><\/button>\u00bb _builder_version=\u00bb4.14.7&#8243; _module_preset=\u00bbdefault\u00bb global_colors_info=\u00bb{}\u00bb][\/dvmd_table_maker_item][dvmd_table_maker_item col_label=\u00bbRSS-Plus\u00bb col_content=\u00bbRSS-Plus<br \/>\ncheck<br \/>\ncheck<br \/>\n12 Meses<br \/>\n24<br \/>\n4<br \/>\nA determinar<br \/>\nA determinar<br \/>\n12 M\u00e1x. Anual (*)<br \/>\n<b>5.990 \u20ac<\/b> (*)<br \/>\n<button><\/button>\u00bb _builder_version=\u00bb4.14.7&#8243; _module_preset=\u00bbdefault\u00bb global_colors_info=\u00bb{}\u00bb][\/dvmd_table_maker_item][\/dvmd_table_maker][et_pb_text _builder_version=\u00bb4.14.7&#8243; _module_preset=\u00bbdefault\u00bb locked=\u00bboff\u00bb global_colors_info=\u00bb{}\u00bb]<\/p>\n<ul>\n<li>Se incluye la creaci\u00f3n de la LandPage siempre y cuando la creacion de la web se haya realizado por nosotros.<\/li>\n<li>El cliente realizar\u00e1 un deposito por un 60% del importe correspondiente\u00a0 a la opci\u00f3n contratada. Este deposito ser\u00e1 devuelto a la finalizaci\u00f3n del proyecto y cuando red.es nos abone el 60% de la cantidad subvencionada. El deposito podr\u00e1 ser fraccionado en cuotas trimestrales.<\/li>\n<\/ul>\n<p>[\/et_pb_text][\/et_pb_column][et_pb_column type=\u00bb1_3&#8243; _builder_version=\u00bb4.14.6&#8243; _module_preset=\u00bbdefault\u00bb global_colors_info=\u00bb{}\u00bb][et_pb_text _builder_version=\u00bb4.14.6&#8243; _module_preset=\u00bbdefault\u00bb custom_margin=\u00bb||0px|||\u00bb global_colors_info=\u00bb{}\u00bb]<\/p>\n<h3>Segmento III<\/h3>\n<p>[\/et_pb_text][dvmd_table_maker tbl_column_footer_count=\u00bb1&#8243; tbl_scrolling_active=\u00bbon\u00bb tbl_scrolling_col_sticky=\u00bbon\u00bb tbl_scrolling_row_sticky=\u00bbon\u00bb tbl_button_text=\u00bbSolicitar\u00bb tbl_button_url=\u00bbhttps:\/\/zfrmz.eu\/F2p7TyeCrxhC0fB1Z7Mq\u00bb tbl_button_target=\u00bb_blank\u00bb tbl_button_width=\u00bbblock\u00bb tbl_tcell_cell_align_horz=\u00bbcenter\u00bb tbl_tcell_cell_align_vert=\u00bbcenter\u00bb tbl_chead_cell_color=\u00bb#0C71C3&#8243; tbl_chead_cell_align_horz=\u00bbcenter\u00bb tbl_rhead_cell_align_horz=\u00bbleft\u00bb _builder_version=\u00bb4.14.7&#8243; _module_preset=\u00bbdefault\u00bb custom_button=\u00bbon\u00bb button_border_width=\u00bb0px\u00bb width=\u00bb100%\u00bb custom_padding=\u00bb|0px||||\u00bb border_width_all_tbl_tcell_cell_border=\u00bb0px\u00bb border_width_all_tbl_chead_cell_border=\u00bb0px\u00bb locked=\u00bboff\u00bb global_colors_info=\u00bb{}\u00bb][dvmd_table_maker_item col_content=\u00bb<\/p>\n<ul>\n<li>Plan Social Media<\/li>\n<\/ul>\n<ul>\n<li>Metricas Redes Sociales<\/li>\n<\/ul>\n<ul>\n<li>Duraci\u00f3n<\/li>\n<\/ul>\n<ul>\n<li>N\u00ba Post Trimestrales \/ Red Social<\/li>\n<\/ul>\n<ul>\n<li>N\u00ba Redes Sociales<\/ul>\n<ul>\n<li>Campa\u00f1a Google ADS<\/li>\n<\/ul>\n<ul>\n<li>Campa\u00f1a Facebook ADS<\/li>\n<\/ul>\n<ul>\n<li>Creaci\u00f3n LandPage \/ Campa\u00f1a<\/li>\n<\/ul>\n<p>Importe<br \/>\n   \u00bb col_column_max_width=\u00bb1.5fr\u00bb col_tcell_text_wrap=\u00bbnormal\u00bb _builder_version=\u00bb4.14.7&#8243; _module_preset=\u00bbdefault\u00bb global_colors_info=\u00bb{}\u00bb][\/dvmd_table_maker_item][dvmd_table_maker_item col_label=\u00bbRSS-Basic\u00bb col_content=\u00bbRSS-Basic<br \/>\ncheck<br \/>\ncheck<br \/>\n12 Meses<br \/>\n12<br \/>\n1<br \/>\nA determinar<br \/>\nA determinar<br \/>\n2 M\u00e1x. Anual (*)<br \/>\n<b>1.500 \u20ac<\/b> (*)<br \/>\n<button><\/button>\u00bb _builder_version=\u00bb4.14.7&#8243; _module_preset=\u00bbdefault\u00bb global_colors_info=\u00bb{}\u00bb][\/dvmd_table_maker_item][dvmd_table_maker_item col_label=\u00bbRSS-Est\u00e1ndar\u00bb col_content=\u00bbRSS-Est\u00e1ndar<br \/>\ncheck<br \/>\ncheck<br \/>\n12 Meses<br \/>\n24<br \/>\n2<br \/>\nA determinar<br \/>\nA determinar<br \/>\n4 M\u00e1x. Anual (*)<br \/>\n<b>2.990 \u20ac<\/b>(*)<br \/>\n<button><\/button>\u00bb _builder_version=\u00bb4.14.7&#8243; _module_preset=\u00bbdefault\u00bb global_colors_info=\u00bb{}\u00bb][\/dvmd_table_maker_item][dvmd_table_maker_item col_label=\u00bbRSS-Plus\u00bb col_content=\u00bbRSS-Plus<br \/>\ncheck<br \/>\ncheck<br \/>\n12 Meses<br \/>\n24<br \/>\n4<br \/>\nA determinar<br \/>\nA determinar<br \/>\n12 M\u00e1x. Anual (*)<br \/>\n<b>5.990 \u20ac<\/b> (*)<br \/>\n<button><\/button>\u00bb _builder_version=\u00bb4.14.7&#8243; _module_preset=\u00bbdefault\u00bb global_colors_info=\u00bb{}\u00bb][\/dvmd_table_maker_item][\/dvmd_table_maker][et_pb_text _builder_version=\u00bb4.14.7&#8243; _module_preset=\u00bbdefault\u00bb locked=\u00bboff\u00bb global_colors_info=\u00bb{}\u00bb]<\/p>\n<ul>\n<li>Se incluye la creaci\u00f3n de la LandPage siempre y cuando la creacion de la web se haya realizado por nosotros.<\/li>\n<li>El cliente realizar\u00e1 un deposito por un 60% del importe correspondiente\u00a0 a la opci\u00f3n contratada. Este deposito ser\u00e1 devuelto a la finalizaci\u00f3n del proyecto y cuando red.es nos abone el 60% de la cantidad subvencionada. El deposito podr\u00e1 ser fraccionado en cuotas trimestrales.<\/li>\n<\/ul>\n<p>[\/et_pb_text][\/et_pb_column][\/et_pb_row][et_pb_row _builder_version=\u00bb4.14.6&#8243; _module_preset=\u00bbdefault\u00bb max_width=\u00bb1756px\u00bb global_colors_info=\u00bb{}\u00bb][et_pb_column type=\u00bb4_4&#8243; _builder_version=\u00bb4.14.6&#8243; _module_preset=\u00bbdefault\u00bb global_colors_info=\u00bb{}\u00bb][et_pb_text _builder_version=\u00bb4.14.6&#8243; _module_preset=\u00bbdefault\u00bb global_colors_info=\u00bb{}\u00bb]<\/p>\n<h4>En <strong><span style=\"color: #0000ff;\">Serinfe<\/span><\/strong> podemos ofrecerte soluciones a medida si necesitas una soluci\u00f3n especifica. Tambi\u00e9n te podemos ofrecer paquetes de servicios especificos de administraci\u00f3n y gesti\u00f3n de tu web por una cuota mensual y\/o anual.<\/h4>\n<p>[\/et_pb_text][\/et_pb_column][\/et_pb_row][\/et_pb_section]<\/p>\n","protected":false},"excerpt":{"rendered":"<p>[et_pb_section fb_built=\u00bb1&#8243; _builder_version=\u00bb4.14.5&#8243; _module_preset=\u00bbdefault\u00bb background_color=\u00bb#0C71C3&#8243; use_background_color_gradient=\u00bbon\u00bb background_color_gradient_end=\u00bb#1b4482&#8243; custom_padding=\u00bb150px||150px||true|false\u00bb global_colors_info=\u00bb{}\u00bb][et_pb_row column_structure=\u00bb3_5,2_5&#8243; _builder_version=\u00bb4.14.5&#8243; _module_preset=\u00bbdefault\u00bb width=\u00bb70%\u00bb max_width=\u00bb1920px\u00bb custom_padding=\u00bb14px||14px||true|false\u00bb global_colors_info=\u00bb{}\u00bb][et_pb_column type=\u00bb3_5&#8243; _builder_version=\u00bb4.14.5&#8243; _module_preset=\u00bbdefault\u00bb global_colors_info=\u00bb{}\u00bb][et_pb_text _builder_version=\u00bb4.14.6&#8243; _module_preset=\u00bbdefault\u00bb header_font_size=\u00bb60px\u00bb background_layout=\u00bbdark\u00bb custom_padding=\u00bb||8px|||\u00bb global_colors_info=\u00bb{}\u00bb] Kit Digital Gesti\u00f3n de redes sociales Objetivo: Promocionar a las empresas beneficiarias en redes sociales. [\/et_pb_text][\/et_pb_column][et_pb_column type=\u00bb2_5&#8243; _builder_version=\u00bb4.14.5&#8243; _module_preset=\u00bbdefault\u00bb global_colors_info=\u00bb{}\u00bb][et_pb_image src=\u00bbhttps:\/\/www.serinfe.com\/kit-digital\/wp-content\/uploads\/2022\/01\/5395107_trans.png\u00bb title_text=\u00bb5395107_trans\u00bb _builder_version=\u00bb4.14.7&#8243; _module_preset=\u00bbdefault\u00bb width=\u00bb100%\u00bb module_alignment=\u00bbcenter\u00bb custom_margin=\u00bb-150px||||false|false\u00bb global_colors_info=\u00bb{}\u00bb][\/et_pb_image][\/et_pb_column][\/et_pb_row][\/et_pb_section][et_pb_section fb_built=\u00bb1&#8243; [&hellip;]<\/p>\n","protected":false},"author":1,"featured_media":0,"parent":0,"menu_order":0,"comment_status":"closed","ping_status":"closed","template":"","meta":{"_et_pb_use_builder":"on","_et_pb_old_content":"","_et_gb_content_width":""},"_links":{"self":[{"href":"https:\/\/www.serinfe.com\/kit-digital\/wp-json\/wp\/v2\/pages\/332120"}],"collection":[{"href":"https:\/\/www.serinfe.com\/kit-digital\/wp-json\/wp\/v2\/pages"}],"about":[{"href":"https:\/\/www.serinfe.com\/kit-digital\/wp-json\/wp\/v2\/types\/page"}],"author":[{"embeddable":true,"href":"https:\/\/www.serinfe.com\/kit-digital\/wp-json\/wp\/v2\/users\/1"}],"replies":[{"embeddable":true,"href":"https:\/\/www.serinfe.com\/kit-digital\/wp-json\/wp\/v2\/comments?post=332120"}],"version-history":[{"count":10,"href":"https:\/\/www.serinfe.com\/kit-digital\/wp-json\/wp\/v2\/pages\/332120\/revisions"}],"predecessor-version":[{"id":332319,"href":"https:\/\/www.serinfe.com\/kit-digital\/wp-json\/wp\/v2\/pages\/332120\/revisions\/332319"}],"wp:attachment":[{"href":"https:\/\/www.serinfe.com\/kit-digital\/wp-json\/wp\/v2\/media?parent=332120"}],"curies":[{"name":"wp","href":"https:\/\/api.w.org\/{rel}","templated":true}]}}