{"id":332090,"date":"2022-01-23T10:52:10","date_gmt":"2022-01-23T10:52:10","guid":{"rendered":"https:\/\/aceleratepyme.com\/?page_id=332090"},"modified":"2022-02-15T12:55:05","modified_gmt":"2022-02-15T12:55:05","slug":"kit-digital-business-intelligence-y-analitica","status":"publish","type":"page","link":"https:\/\/www.serinfe.com\/kit-digital\/kit-digital-business-intelligence-y-analitica\/","title":{"rendered":"Kit Digital Business Intelligence y Anal\u00edtica"},"content":{"rendered":"<p>[et_pb_section fb_built=\u00bb1&#8243; _builder_version=\u00bb4.14.5&#8243; _module_preset=\u00bbdefault\u00bb background_color=\u00bb#0C71C3&#8243; use_background_color_gradient=\u00bbon\u00bb background_color_gradient_end=\u00bb#1b4482&#8243; custom_padding=\u00bb150px||150px||true|false\u00bb global_colors_info=\u00bb{}\u00bb][et_pb_row column_structure=\u00bb3_5,2_5&#8243; _builder_version=\u00bb4.14.5&#8243; _module_preset=\u00bbdefault\u00bb width=\u00bb70%\u00bb max_width=\u00bb1920px\u00bb custom_padding=\u00bb14px||14px||true|false\u00bb global_colors_info=\u00bb{}\u00bb][et_pb_column type=\u00bb3_5&#8243; _builder_version=\u00bb4.14.5&#8243; _module_preset=\u00bbdefault\u00bb global_colors_info=\u00bb{}\u00bb][et_pb_text _builder_version=\u00bb4.14.6&#8243; _module_preset=\u00bbdefault\u00bb header_font_size=\u00bb60px\u00bb background_layout=\u00bbdark\u00bb custom_padding=\u00bb||8px|||\u00bb global_colors_info=\u00bb{}\u00bb]<\/p>\n<h1>Kit Digital Business Intelligence y Anal\u00edtica<\/h1>\n<h3><strong>Objetivo:<\/strong><\/h3>\n<h3>Explotaci\u00f3n de datos de la empresa para la mejora del proceso de toma de decisiones.<\/h3>\n<p>[\/et_pb_text][\/et_pb_column][et_pb_column type=\u00bb2_5&#8243; _builder_version=\u00bb4.14.5&#8243; _module_preset=\u00bbdefault\u00bb global_colors_info=\u00bb{}\u00bb][et_pb_image src=\u00bbhttps:\/\/www.serinfe.com\/kit-digital\/wp-content\/uploads\/2022\/01\/crm_84_.png\u00bb title_text=\u00bbcrm_84_\u00bb _builder_version=\u00bb4.14.6&#8243; _module_preset=\u00bbdefault\u00bb width=\u00bb100%\u00bb module_alignment=\u00bbcenter\u00bb custom_margin=\u00bb-150px||||false|false\u00bb global_colors_info=\u00bb{}\u00bb][\/et_pb_image][\/et_pb_column][\/et_pb_row][\/et_pb_section][et_pb_section fb_built=\u00bb1&#8243; prev_background_color=\u00bb#0C71C3&#8243; _builder_version=\u00bb4.9.4&#8243; _module_preset=\u00bbdefault\u00bb background_color=\u00bb#f5f6f7&#8243; custom_margin=\u00bb-132px|||||\u00bb custom_padding=\u00bb0px||0px||true|false\u00bb top_divider_style=\u00bbcurve2&#8243; top_divider_flip=\u00bbvertical\u00bb hover_enabled=\u00bb0&#8243; global_colors_info=\u00bb{}\u00bb module_class=\u00bbcontseptop\u00bb sticky_enabled=\u00bb0&#8243;][et_pb_row column_structure=\u00bb1_3,1_3,1_3&#8243; _builder_version=\u00bb4.14.5&#8243; _module_preset=\u00bbdefault\u00bb width=\u00bb70%\u00bb max_width=\u00bb1920px\u00bb custom_padding=\u00bb25px||25px||true|false\u00bb global_colors_info=\u00bb{}\u00bb][et_pb_column type=\u00bb1_3&#8243; _builder_version=\u00bb4.14.5&#8243; _module_preset=\u00bbdefault\u00bb global_colors_info=\u00bb{}\u00bb][et_pb_blurb title=\u00bbHoras de parametrizaci\u00f3n\u00bb icon_alignment=\u00bbleft\u00bb _builder_version=\u00bb4.14.7&#8243; _module_preset=\u00bbdefault\u00bb header_font=\u00bb|700|||||||\u00bb header_font_size=\u00bb22px\u00bb body_font=\u00bb||||||||\u00bb global_colors_info=\u00bb{}\u00bb]<\/p>\n<p>Esta soluci\u00f3n incluye un n\u00famero de horas de parametrizaci\u00f3n para la definici\u00f3n de las particularidades de los procesos de comercializaci\u00f3n, as\u00ed como para la carga de datos. Estas horas se determinan, para cada uno de los segmentos de empresas definidos en el Art\u00edculo 8.2, de la siguiente forma:<br \/>\u2013 Segmento I (10-menos de 50 empleados): 70 horas de parametrizaci\u00f3n.<br \/>\u2013 Segmento II (3-menos de 10 empleados): 40 horas de parametrizaci\u00f3n.<br \/>\u2013 Segmento III (0-menos de 3 empleados): 30 horas de parametrizaci\u00f3n.<br \/>Este proceso es esencial para la posterior implantaci\u00f3n y despliegue de la soluci\u00f3n de digitalizaci\u00f3n que proporcionar\u00e1, como m\u00ednimo, las funcionalidades y servicios que se detallan a continuaci\u00f3n:<\/p>\n<p>[\/et_pb_blurb][\/et_pb_column][et_pb_column type=\u00bb1_3&#8243; _builder_version=\u00bb4.14.5&#8243; _module_preset=\u00bbdefault\u00bb global_colors_info=\u00bb{}\u00bb][et_pb_blurb title=\u00bbIntegraci\u00f3n de datos con otras bases de datos\u00bb icon_alignment=\u00bbleft\u00bb _builder_version=\u00bb4.14.7&#8243; _module_preset=\u00bbdefault\u00bb header_font=\u00bb|700|||||||\u00bb header_font_size=\u00bb22px\u00bb body_font=\u00bb||||||||\u00bb custom_padding=\u00bb0px|||||\u00bb global_colors_info=\u00bb{}\u00bb]<\/p>\n<p><span style=\"font-weight: 400\">La soluci\u00f3n permitir\u00e1 el acceso a otras bases de datos y la realizaci\u00f3n de comparaciones con los datos expuestos.<\/span><\/p>\n<p>[\/et_pb_blurb][et_pb_blurb title=\u00bbCreaci\u00f3n de paneles de datos estructurados y visuales\u00bb icon_alignment=\u00bbleft\u00bb _builder_version=\u00bb4.14.7&#8243; _module_preset=\u00bbdefault\u00bb header_font=\u00bb|700|||||||\u00bb header_font_size=\u00bb22px\u00bb body_font=\u00bb||||||||\u00bb locked=\u00bboff\u00bb global_colors_info=\u00bb{}\u00bb]<\/p>\n<p>La soluci\u00f3n permitir\u00e1 crear paneles de datos personalizados con datos relevantes y distintas formas de visualizaci\u00f3n.<\/p>\n<p>[\/et_pb_blurb][\/et_pb_column][et_pb_column type=\u00bb1_3&#8243; _builder_version=\u00bb4.14.6&#8243; _module_preset=\u00bbdefault\u00bb global_colors_info=\u00bb{}\u00bb][et_pb_blurb title=\u00bbAlmacenamiento de datos\u00bb icon_alignment=\u00bbleft\u00bb _builder_version=\u00bb4.14.7&#8243; _module_preset=\u00bbdefault\u00bb header_font=\u00bb|700|||||||\u00bb header_font_size=\u00bb22px\u00bb body_font=\u00bb||||||||\u00bb custom_margin=\u00bb||6px|||\u00bb global_colors_info=\u00bb{}\u00bb]<\/p>\n<p><span style=\"font-weight: 400\">La soluci\u00f3n deber\u00e1 proveer una capacidad de almacenamiento como m\u00ednimo de 1 GB por usuario.<\/span><\/p>\n<p>&nbsp;<\/p>\n<p>[\/et_pb_blurb][et_pb_blurb title=\u00bbExportaci\u00f3n de datos\u00bb icon_alignment=\u00bbleft\u00bb _builder_version=\u00bb4.14.7&#8243; _module_preset=\u00bbdefault\u00bb header_font=\u00bb|700|||||||\u00bb header_font_size=\u00bb22px\u00bb body_font=\u00bb||||||||\u00bb custom_margin=\u00bb||6px|||\u00bb global_colors_info=\u00bb{}\u00bb]<\/p>\n<p><span style=\"font-weight: 400\">La soluci\u00f3n permitir\u00e1 exportaci\u00f3n de datos a im\u00e1genes o a documentos de Excel, creando sinergias y compatibilidades con distintos programas de uso com\u00fan para los usuarios.<\/span><\/p>\n<p>&nbsp;<\/p>\n<p>[\/et_pb_blurb][\/et_pb_column][\/et_pb_row][et_pb_row _builder_version=\u00bb4.14.6&#8243; _module_preset=\u00bbdefault\u00bb custom_margin=\u00bb-51px|auto||auto||\u00bb global_colors_info=\u00bb{}\u00bb][et_pb_column type=\u00bb4_4&#8243; _builder_version=\u00bb4.14.6&#8243; _module_preset=\u00bbdefault\u00bb global_colors_info=\u00bb{}\u00bb][et_pb_text _builder_version=\u00bb4.14.6&#8243; _module_preset=\u00bbdefault\u00bb global_colors_info=\u00bb{}\u00bb]<\/p>\n<h4><strong>Importe de la ayuda:<\/strong><\/h4>\n<p>[\/et_pb_text][dvmd_table_maker tbl_row_header_count=\u00bb0&#8243; _builder_version=\u00bb4.14.7&#8243; _module_preset=\u00bbdefault\u00bb custom_margin=\u00bb-32px|||||\u00bb global_colors_info=\u00bb{}\u00bb][dvmd_table_maker_item col_label=\u00bbSegmento I\u00bb col_content=\u00bbSegmento I Peque\u00f1as empresas entre 10 y 50 empleados<br \/>\n4.000 \u20ac<br \/>\n(3 usuarios)\u00bb col_tcell_cell_align_horz=\u00bbcenter\u00bb col_chead_cell_color=\u00bb#0C71C3&#8243; col_tcell_text_wrap=\u00bbnormal\u00bb _builder_version=\u00bb4.14.7&#8243; _module_preset=\u00bbdefault\u00bb global_colors_info=\u00bb{}\u00bb][\/dvmd_table_maker_item][dvmd_table_maker_item col_label=\u00bbSegmento II\u00bb col_content=\u00bbSegmento II Peque\u00f1as empresas entre 3 y 9 empleados<br \/>\n2.000 \u20ac<br \/>\n(1 usuario)\u00bb col_tcell_cell_align_horz=\u00bbcenter\u00bb col_chead_cell_color=\u00bb#0C71C3&#8243; col_chead_cell_align_horz=\u00bbcenter\u00bb col_chead_cell_align_vert=\u00bbcenter\u00bb col_rhead_cell_align_horz=\u00bbcenter\u00bb col_tcell_text_wrap=\u00bbnormal\u00bb _builder_version=\u00bb4.14.7&#8243; _module_preset=\u00bbdefault\u00bb global_colors_info=\u00bb{}\u00bb][\/dvmd_table_maker_item][dvmd_table_maker_item col_label=\u00bbSegmento III\u00bb col_content=\u00bbSegmento III Peque\u00f1as empresas entre 1 y 2 empleados y autoempleo<br \/>\n1.500 \u20ac<br \/>\n(1 usuario)\u00bb col_tcell_cell_align_horz=\u00bbcenter\u00bb col_chead_cell_color=\u00bb#0C71C3&#8243; _builder_version=\u00bb4.14.7&#8243; _module_preset=\u00bbdefault\u00bb global_colors_info=\u00bb{}\u00bb][\/dvmd_table_maker_item][\/dvmd_table_maker][\/et_pb_column][\/et_pb_row][et_pb_row _builder_version=\u00bb4.14.7&#8243; _module_preset=\u00bbdefault\u00bb global_colors_info=\u00bb{}\u00bb][et_pb_column type=\u00bb4_4&#8243; _builder_version=\u00bb4.14.7&#8243; _module_preset=\u00bbdefault\u00bb global_colors_info=\u00bb{}\u00bb][et_pb_blurb title=\u00bbNuestras soluciones\u00bb image=\u00bbhttps:\/\/www.serinfe.com\/kit-digital\/wp-content\/uploads\/2022\/01\/20943997.png\u00bb icon_placement=\u00bbleft\u00bb content_max_width=\u00bb1100px\u00bb _builder_version=\u00bb4.14.7&#8243; _module_preset=\u00bbdefault\u00bb header_level=\u00bbh2&#8243; body_font_size=\u00bb21px\u00bb custom_margin=\u00bb1px|||2px|false|false\u00bb box_shadow_style_image=\u00bbpreset1&#8243; global_colors_info=\u00bb{}\u00bb]<\/p>\n<p style=\"text-align: justify;\">En <strong><span style=\"color: #3366ff;\">Serinfe<\/span><\/strong> , tenemos m\u00e1s de 28 a\u00f1os de experiencia aportando a grandes proyectos empresariales soluciones basadas en tecnolog\u00edas <strong>Open Source <\/strong>para Bi y Analitica de datos.<\/p>\n<p style=\"text-align: justify;\">Las soluciones que ofrecemos estan basadas en diferentes productos y fabricantes lideres del mercado que iremos adecuando a las necesaidades de cada cliente , porque para nosotros cada cliente requiere de su propia solucion a medida.<\/p>\n<p>[\/et_pb_blurb][\/et_pb_column][\/et_pb_row][et_pb_row _builder_version=\u00bb4.14.7&#8243; _module_preset=\u00bbdefault\u00bb global_colors_info=\u00bb{}\u00bb][et_pb_column type=\u00bb4_4&#8243; _builder_version=\u00bb4.14.7&#8243; _module_preset=\u00bbdefault\u00bb global_colors_info=\u00bb{}\u00bb][dnxte_logo_carousel_parent dnxt_carousel_loop=\u00bbon\u00bb dnxt_carousel_centered_slides=\u00bbon\u00bb dnxt_carousel_spacebetween=\u00bb134&#8243; dnxt_carousel_breakpoint_desktop=\u00bb3&#8243; _builder_version=\u00bb4.14.7&#8243; _module_preset=\u00bbdefault\u00bb filter_hue_rotate=\u00bb248deg\u00bb filter_brightness=\u00bb93%\u00bb filter_contrast=\u00bb134%\u00bb filter_sepia=\u00bb98%\u00bb global_colors_info=\u00bb{}\u00bb][dnxte_logo_carousel_child logo_carousel_image=\u00bbhttps:\/\/www.serinfe.com\/kit-digital\/wp-content\/uploads\/2022\/01\/qlink.jpg\u00bb _builder_version=\u00bb4.14.7&#8243; _module_preset=\u00bbdefault\u00bb global_colors_info=\u00bb{}\u00bb][\/dnxte_logo_carousel_child][dnxte_logo_carousel_child logo_carousel_image=\u00bbhttps:\/\/www.serinfe.com\/kit-digital\/wp-content\/uploads\/2022\/01\/linceBI.png\u00bb _builder_version=\u00bb4.14.7&#8243; _module_preset=\u00bbdefault\u00bb global_colors_info=\u00bb{}\u00bb][\/dnxte_logo_carousel_child][dnxte_logo_carousel_child logo_carousel_image=\u00bbhttps:\/\/www.serinfe.com\/kit-digital\/wp-content\/uploads\/2022\/01\/pentaho-itop.png\u00bb _builder_version=\u00bb4.14.7&#8243; _module_preset=\u00bbdefault\u00bb global_colors_info=\u00bb{}\u00bb][\/dnxte_logo_carousel_child][dnxte_logo_carousel_child logo_carousel_image=\u00bbhttps:\/\/www.serinfe.com\/kit-digital\/wp-content\/uploads\/2022\/01\/ms_powerbi.jpg\u00bb _builder_version=\u00bb4.14.7&#8243; _module_preset=\u00bbdefault\u00bb global_colors_info=\u00bb{}\u00bb][\/dnxte_logo_carousel_child][dnxte_logo_carousel_child logo_carousel_image=\u00bbhttps:\/\/www.serinfe.com\/kit-digital\/wp-content\/uploads\/2022\/01\/rs-logo-2-250.png\u00bb _builder_version=\u00bb4.14.7&#8243; _module_preset=\u00bbdefault\u00bb global_colors_info=\u00bb{}\u00bb][\/dnxte_logo_carousel_child][dnxte_logo_carousel_child logo_carousel_image=\u00bbhttps:\/\/www.serinfe.com\/kit-digital\/wp-content\/uploads\/2022\/01\/tibco-jaspersoft.png\u00bb _builder_version=\u00bb4.14.7&#8243; _module_preset=\u00bbdefault\u00bb global_colors_info=\u00bb{}\u00bb][\/dnxte_logo_carousel_child][\/dnxte_logo_carousel_parent][\/et_pb_column][\/et_pb_row][et_pb_row _builder_version=\u00bb4.14.6&#8243; _module_preset=\u00bbdefault\u00bb max_width=\u00bb1779px\u00bb custom_margin=\u00bb3px|auto||auto||\u00bb global_colors_info=\u00bb{}\u00bb][et_pb_column type=\u00bb4_4&#8243; _builder_version=\u00bb4.14.6&#8243; _module_preset=\u00bbdefault\u00bb global_colors_info=\u00bb{}\u00bb][et_pb_text _builder_version=\u00bb4.14.6&#8243; _module_preset=\u00bbdefault\u00bb custom_margin=\u00bb||0px|||\u00bb global_colors_info=\u00bb{}\u00bb]<\/p>\n<h3>Segmento I <\/h3>\n<p>[\/et_pb_text][dvmd_table_maker tbl_column_footer_count=\u00bb1&#8243; tbl_scrolling_active=\u00bbon\u00bb tbl_scrolling_col_sticky=\u00bbon\u00bb tbl_scrolling_row_sticky=\u00bbon\u00bb tbl_button_text=\u00bbSolicitar\u00bb tbl_button_url=\u00bbhttps:\/\/zfrmz.eu\/F2p7TyeCrxhC0fB1Z7Mq\u00bb tbl_button_target=\u00bb_blank\u00bb tbl_button_width=\u00bbblock\u00bb tbl_tcell_cell_align_horz=\u00bbcenter\u00bb tbl_tcell_cell_align_vert=\u00bbcenter\u00bb tbl_chead_cell_color=\u00bb#0C71C3&#8243; tbl_chead_cell_align_horz=\u00bbcenter\u00bb tbl_rhead_cell_align_horz=\u00bbleft\u00bb _builder_version=\u00bb4.14.7&#8243; _module_preset=\u00bbdefault\u00bb custom_button=\u00bbon\u00bb button_border_width=\u00bb0px\u00bb width=\u00bb100%\u00bb custom_padding=\u00bb|0px||||\u00bb border_width_all_tbl_tcell_cell_border=\u00bb0px\u00bb border_width_all_tbl_chead_cell_border=\u00bb0px\u00bb global_colors_info=\u00bb{}\u00bb][dvmd_table_maker_item col_content=\u00bb<\/p>\n<ul>\n<li>Horas de parametrizaci\u00f3n<\/li>\n<\/ul>\n<ul>\n<li>Integraci\u00f3n datos esternos<\/li>\n<\/ul>\n<ul>\n<li>Multiples dashboards<\/li>\n<\/ul>\n<ul>\n<li>Almacenamiento Datos<\/li>\n<\/ul>\n<ul>\n<li>Exportaci\u00f3n<\/li>\n<\/ul>\n<ul>\n<li>Usuarios Incluidos<\/li>\n<\/ul>\n<ul>\n<li>Coste Soluci\u00f3n<\/li>\n<\/ul>\n<ul>\n<li>Bolsa anual 100 horas Opcional<\/li>\n<\/ul>\n<ul>\n<li>Coste Instalaci\u00f3n onPremise<\/li>\n<\/ul>\n<ul>\n<li>Coste Instalaci\u00f3n Cloud Dedicado<\/li>\n<\/ul>\n<ul>\n<li>Coste Renovaci\u00f3n Anual<\/li>\n<\/ul>\n<ul>\n<li>Soporte Cloud Anual<\/li>\n<\/ul>\n<ul>\n<li>Soporte on Premise Remoto Anual<\/li>\n<\/ul>\n<p>\u00bb col_column_max_width=\u00bb1.5fr\u00bb col_tcell_text_wrap=\u00bbnormal\u00bb _builder_version=\u00bb4.14.7&#8243; _module_preset=\u00bbdefault\u00bb global_colors_info=\u00bb{}\u00bb][\/dvmd_table_maker_item][dvmd_table_maker_item col_label=\u00bbBI-Community-OP\u00bb col_content=\u00bbBI-Community-OP<br \/>\n70<br \/>\ncheck<br \/>\ncheck<br \/>\nCapacidad Servidor<br \/>\ncheck<br \/>\nIlimitados<br \/>\n<b>3.500 \u20ac<\/b><br \/>\n4.500 \u20ac<br \/>\nDesde 1.500 \u20ac<br \/>\nclose<br \/>\nclose<br \/>\nclose<br \/>\nDesde 2.500 \u20ac<br \/>\n<button><\/button>\u00bb _builder_version=\u00bb4.14.7&#8243; _module_preset=\u00bbdefault\u00bb global_colors_info=\u00bb{}\u00bb][\/dvmd_table_maker_item][dvmd_table_maker_item col_label=\u00bbBI-Community-CD\u00bb col_content=\u00bbBI-Community-CD<br \/>\n70<br \/>\ncheck<br \/>\ncheck<br \/>\n500 Gb<br \/>\ncheck<br \/>\nilimitados<br \/>\n<b>3.500 \u20ac<\/b><br \/>\n4.200 \u20ac<br \/>\nclose<br \/>\n+ 500 \u20ac<br \/>\n1.200 \u20ac<br \/>\n1.900 \u20ac<br \/>\nclose<br \/>\n<button><\/button>\u00bb _builder_version=\u00bb4.14.7&#8243; _module_preset=\u00bbdefault\u00bb global_colors_info=\u00bb{}\u00bb][\/dvmd_table_maker_item][dvmd_table_maker_item col_label=\u00bbBI-365&#8243; col_content=\u00bbBI-365<br \/>\n70<br \/>\ncheck<br \/>\ncheck<br \/>\n100 Gb\/ Usuario<br \/>\ncheck<br \/>\n3<br \/>\n<b>4.650 \u20ac<\/b><br \/>\n4.500 \u20ac<br \/>\nclose<br \/>\nclose<br \/>\n1.700 \u20ac<br \/>\nDesde 2.500 \u20ac<br \/>\nclose<br \/>\n<button><\/button>\u00bb _builder_version=\u00bb4.14.7&#8243; _module_preset=\u00bbdefault\u00bb global_colors_info=\u00bb{}\u00bb][\/dvmd_table_maker_item][\/dvmd_table_maker][et_pb_text _builder_version=\u00bb4.14.6&#8243; _module_preset=\u00bbdefault\u00bb custom_margin=\u00bb||0px|||\u00bb global_colors_info=\u00bb{}\u00bb]<\/p>\n<h3>Segmento II<\/h3>\n<p>[\/et_pb_text][dvmd_table_maker tbl_column_footer_count=\u00bb1&#8243; tbl_scrolling_active=\u00bbon\u00bb tbl_scrolling_col_sticky=\u00bbon\u00bb tbl_scrolling_row_sticky=\u00bbon\u00bb tbl_button_text=\u00bbSolicitar\u00bb tbl_button_url=\u00bbhttps:\/\/zfrmz.eu\/F2p7TyeCrxhC0fB1Z7Mq\u00bb tbl_button_target=\u00bb_blank\u00bb tbl_button_width=\u00bbblock\u00bb tbl_tcell_cell_align_horz=\u00bbcenter\u00bb tbl_tcell_cell_align_vert=\u00bbcenter\u00bb tbl_chead_cell_color=\u00bb#0C71C3&#8243; tbl_chead_cell_align_horz=\u00bbcenter\u00bb tbl_rhead_cell_align_horz=\u00bbleft\u00bb _builder_version=\u00bb4.14.7&#8243; _module_preset=\u00bbdefault\u00bb custom_button=\u00bbon\u00bb button_border_width=\u00bb0px\u00bb width=\u00bb100%\u00bb custom_padding=\u00bb|0px||||\u00bb border_width_all_tbl_tcell_cell_border=\u00bb0px\u00bb border_width_all_tbl_chead_cell_border=\u00bb0px\u00bb locked=\u00bboff\u00bb global_colors_info=\u00bb{}\u00bb][dvmd_table_maker_item col_content=\u00bb<\/p>\n<ul>\n<li>Horas de parametrizaci\u00f3n<\/li>\n<\/ul>\n<ul>\n<li>Integraci\u00f3n datos esternos<\/li>\n<\/ul>\n<ul>\n<li>Multiples dashboards<\/li>\n<\/ul>\n<ul>\n<li>Almacenamiento Datos<\/li>\n<\/ul>\n<ul>\n<li>Exportaci\u00f3n<\/li>\n<\/ul>\n<ul>\n<li>Usuarios Incluidos<\/li>\n<\/ul>\n<ul>\n<li>Coste Soluci\u00f3n<\/li>\n<\/ul>\n<ul>\n<li>Bolsa anual 100 horas Opcional<\/li>\n<\/ul>\n<ul>\n<li>Coste Instalaci\u00f3n onPremise<\/li>\n<\/ul>\n<ul>\n<li>Coste Instalaci\u00f3n Cloud Dedicado<\/li>\n<\/ul>\n<ul>\n<li>Coste Renovaci\u00f3n Anual<\/li>\n<\/ul>\n<ul>\n<li>Soporte Cloud Anual<\/li>\n<\/ul>\n<ul>\n<li>Soporte on Premise Remoto Anual<\/li>\n<\/ul>\n<p>\u00bb col_column_max_width=\u00bb1.5fr\u00bb col_tcell_text_wrap=\u00bbnormal\u00bb _builder_version=\u00bb4.14.7&#8243; _module_preset=\u00bbdefault\u00bb global_colors_info=\u00bb{}\u00bb][\/dvmd_table_maker_item][dvmd_table_maker_item col_label=\u00bbBI-Community-OP\u00bb col_content=\u00bbBI-Community-OP<br \/>\n70<br \/>\ncheck<br \/>\ncheck<br \/>\nCapacidad Servidor<br \/>\ncheck<br \/>\nIlimitados<br \/>\n<b>2.000 \u20ac<\/b><br \/>\n4.500 \u20ac<br \/>\nDesde 1.500 \u20ac<br \/>\nclose<br \/>\nclose<br \/>\nclose<br \/>\nDesde 2.500 \u20ac<br \/>\n<button><\/button>\u00bb _builder_version=\u00bb4.14.7&#8243; _module_preset=\u00bbdefault\u00bb global_colors_info=\u00bb{}\u00bb][\/dvmd_table_maker_item][dvmd_table_maker_item col_label=\u00bbBI-Community-CD\u00bb col_content=\u00bbBI-Community-CD<br \/>\n70<br \/>\ncheck<br \/>\ncheck<br \/>\n100 Gb<br \/>\ncheck<br \/>\nilimitados<br \/>\n<b>2.000 \u20ac<\/b><br \/>\n4.200 \u20ac<br \/>\nclose<br \/>\n+ 300 \u20ac<br \/>\n600 \u20ac<br \/>\n1.200 \u20ac<br \/>\nclose<br \/>\n<button><\/button>\u00bb _builder_version=\u00bb4.14.7&#8243; _module_preset=\u00bbdefault\u00bb global_colors_info=\u00bb{}\u00bb][\/dvmd_table_maker_item][dvmd_table_maker_item col_label=\u00bbBI-365&#8243; col_content=\u00bbBI-365<br \/>\n70<br \/>\ncheck<br \/>\ncheck<br \/>\n100 Gb\/ Usuario<br \/>\ncheck<br \/>\n1<br \/>\n<b>2.650 \u20ac<\/b><br \/>\n4.500 \u20ac<br \/>\nclose<br \/>\nclose<br \/>\n750 \u20ac<br \/>\nDesde 1.500 \u20ac<br \/>\nclose<br \/>\n<button><\/button>\u00bb _builder_version=\u00bb4.14.7&#8243; _module_preset=\u00bbdefault\u00bb global_colors_info=\u00bb{}\u00bb][\/dvmd_table_maker_item][\/dvmd_table_maker][et_pb_text _builder_version=\u00bb4.14.6&#8243; _module_preset=\u00bbdefault\u00bb custom_margin=\u00bb||0px|||\u00bb global_colors_info=\u00bb{}\u00bb]<\/p>\n<h3>Segmento III<\/h3>\n<p>[\/et_pb_text][dvmd_table_maker tbl_column_footer_count=\u00bb1&#8243; tbl_scrolling_active=\u00bbon\u00bb tbl_scrolling_col_sticky=\u00bbon\u00bb tbl_scrolling_row_sticky=\u00bbon\u00bb tbl_button_text=\u00bbSolicitar\u00bb tbl_button_url=\u00bbhttps:\/\/zfrmz.eu\/F2p7TyeCrxhC0fB1Z7Mq\u00bb tbl_button_target=\u00bb_blank\u00bb tbl_button_width=\u00bbblock\u00bb tbl_tcell_cell_align_horz=\u00bbcenter\u00bb tbl_tcell_cell_align_vert=\u00bbcenter\u00bb tbl_chead_cell_color=\u00bb#0C71C3&#8243; tbl_chead_cell_align_horz=\u00bbcenter\u00bb tbl_rhead_cell_align_horz=\u00bbleft\u00bb _builder_version=\u00bb4.14.7&#8243; _module_preset=\u00bbdefault\u00bb custom_button=\u00bbon\u00bb button_border_width=\u00bb0px\u00bb width=\u00bb100%\u00bb custom_padding=\u00bb|0px||||\u00bb border_width_all_tbl_tcell_cell_border=\u00bb0px\u00bb border_width_all_tbl_chead_cell_border=\u00bb0px\u00bb locked=\u00bboff\u00bb global_colors_info=\u00bb{}\u00bb][dvmd_table_maker_item col_content=\u00bb<\/p>\n<ul>\n<li>Horas de parametrizaci\u00f3n<\/li>\n<\/ul>\n<ul>\n<li>Integraci\u00f3n datos esternos<\/li>\n<\/ul>\n<ul>\n<li>Multiples dashboards<\/li>\n<\/ul>\n<ul>\n<li>Almacenamiento Datos<\/li>\n<\/ul>\n<ul>\n<li>Exportaci\u00f3n<\/li>\n<\/ul>\n<ul>\n<li>Usuarios Incluidos<\/li>\n<\/ul>\n<ul>\n<li>Coste Soluci\u00f3n<\/li>\n<\/ul>\n<ul>\n<li>Bolsa anual 100 horas Opcional<\/li>\n<\/ul>\n<ul>\n<li>Coste Instalaci\u00f3n onPremise<\/li>\n<\/ul>\n<ul>\n<li>Coste Instalaci\u00f3n Cloud Dedicado<\/li>\n<\/ul>\n<ul>\n<li>Coste Renovaci\u00f3n Anual<\/li>\n<\/ul>\n<ul>\n<li>Soporte Cloud Anual<\/li>\n<\/ul>\n<ul>\n<li>Soporte on Premise Remoto Anual<\/li>\n<\/ul>\n<p>\u00bb col_column_max_width=\u00bb1.5fr\u00bb col_tcell_text_wrap=\u00bbnormal\u00bb _builder_version=\u00bb4.14.7&#8243; _module_preset=\u00bbdefault\u00bb global_colors_info=\u00bb{}\u00bb][\/dvmd_table_maker_item][dvmd_table_maker_item col_label=\u00bbBI-Community-OP\u00bb col_content=\u00bbBI-Community-OP<br \/>\n70<br \/>\ncheck<br \/>\ncheck<br \/>\nCapacidad Servidor<br \/>\ncheck<br \/>\nIlimitados<br \/>\n<b>1.800 \u20ac<\/b><br \/>\n4.500 \u20ac<br \/>\nDesde 1.500 \u20ac<br \/>\nclose<br \/>\nclose<br \/>\nclose<br \/>\nDesde 2.500 \u20ac<br \/>\n<button><\/button>\u00bb _builder_version=\u00bb4.14.7&#8243; _module_preset=\u00bbdefault\u00bb global_colors_info=\u00bb{}\u00bb][\/dvmd_table_maker_item][dvmd_table_maker_item col_label=\u00bbBI-Community-CD\u00bb col_content=\u00bbBI-Community-CD<br \/>\n70<br \/>\ncheck<br \/>\ncheck<br \/>\n100 Gb<br \/>\ncheck<br \/>\nilimitados<br \/>\n<b>1.800 \u20ac<\/b><br \/>\n4.200 \u20ac<br \/>\nclose<br \/>\n+ 300 \u20ac<br \/>\n600 \u20ac<br \/>\n1.200 \u20ac<br \/>\nclose<br \/>\n<button><\/button>\u00bb _builder_version=\u00bb4.14.7&#8243; _module_preset=\u00bbdefault\u00bb global_colors_info=\u00bb{}\u00bb][\/dvmd_table_maker_item][dvmd_table_maker_item col_label=\u00bbBI-365&#8243; col_content=\u00bbBI-365<br \/>\n70<br \/>\ncheck<br \/>\ncheck<br \/>\n100 Gb\/ Usuario<br \/>\ncheck<br \/>\n1<br \/>\n<b>2.350 \u20ac<\/b><br \/>\n4.500 \u20ac<br \/>\nclose<br \/>\nclose<br \/>\n750 \u20ac<br \/>\nDesde 1.500 \u20ac<br \/>\nclose<br \/>\n<button><\/button>\u00bb _builder_version=\u00bb4.14.7&#8243; _module_preset=\u00bbdefault\u00bb global_colors_info=\u00bb{}\u00bb][\/dvmd_table_maker_item][\/dvmd_table_maker][et_pb_text _builder_version=\u00bb4.14.7&#8243; _module_preset=\u00bbdefault\u00bb global_colors_info=\u00bb{}\u00bb]<\/p>\n<ul>\n<li>La instalaci\u00f3n OnPremise se realizar\u00e1 en remoto.<\/li>\n<li>las horas de consultor\u00eda y soporte son en remoto, no se incluyen traslados ni otros costes en caso de realizarse en las instalaciones del cliente.<\/li>\n<li>Impuestos no incluidos.<\/li>\n<\/ul>\n<p>[\/et_pb_text][\/et_pb_column][\/et_pb_row][et_pb_row _builder_version=\u00bb4.14.6&#8243; _module_preset=\u00bbdefault\u00bb max_width=\u00bb1756px\u00bb global_colors_info=\u00bb{}\u00bb][et_pb_column type=\u00bb4_4&#8243; _builder_version=\u00bb4.14.6&#8243; _module_preset=\u00bbdefault\u00bb global_colors_info=\u00bb{}\u00bb][et_pb_text _builder_version=\u00bb4.14.6&#8243; _module_preset=\u00bbdefault\u00bb global_colors_info=\u00bb{}\u00bb]<\/p>\n<h4>En <strong><span style=\"color: #0000ff;\">Serinfe<\/span><\/strong> podemos ofrecerte soluciones a medida si necesitas una soluci\u00f3n especifica. Tambi\u00e9n te podemos ofrecer paquetes de servicios especificos de administraci\u00f3n y gesti\u00f3n de tu web por una cuota mensual y\/o anual.<\/h4>\n<p>[\/et_pb_text][et_pb_image src=\u00bbhttps:\/\/www.serinfe.com\/kit-digital\/wp-content\/uploads\/2022\/01\/red.es_.jpg\u00bb title_text=\u00bbred.es\u00bb align=\u00bbcenter\u00bb _builder_version=\u00bb4.14.6&#8243; _module_preset=\u00bbdefault\u00bb global_colors_info=\u00bb{}\u00bb][\/et_pb_image][\/et_pb_column][\/et_pb_row][\/et_pb_section]<\/p>\n","protected":false},"excerpt":{"rendered":"<p>[et_pb_section fb_built=\u00bb1&#8243; _builder_version=\u00bb4.14.5&#8243; _module_preset=\u00bbdefault\u00bb background_color=\u00bb#0C71C3&#8243; use_background_color_gradient=\u00bbon\u00bb background_color_gradient_end=\u00bb#1b4482&#8243; custom_padding=\u00bb150px||150px||true|false\u00bb global_colors_info=\u00bb{}\u00bb][et_pb_row column_structure=\u00bb3_5,2_5&#8243; _builder_version=\u00bb4.14.5&#8243; _module_preset=\u00bbdefault\u00bb width=\u00bb70%\u00bb max_width=\u00bb1920px\u00bb custom_padding=\u00bb14px||14px||true|false\u00bb global_colors_info=\u00bb{}\u00bb][et_pb_column type=\u00bb3_5&#8243; _builder_version=\u00bb4.14.5&#8243; _module_preset=\u00bbdefault\u00bb global_colors_info=\u00bb{}\u00bb][et_pb_text _builder_version=\u00bb4.14.6&#8243; _module_preset=\u00bbdefault\u00bb header_font_size=\u00bb60px\u00bb background_layout=\u00bbdark\u00bb custom_padding=\u00bb||8px|||\u00bb global_colors_info=\u00bb{}\u00bb] Kit Digital Business Intelligence y Anal\u00edtica Objetivo: Explotaci\u00f3n de datos de la empresa para la mejora del proceso de toma de decisiones. [\/et_pb_text][\/et_pb_column][et_pb_column type=\u00bb2_5&#8243; _builder_version=\u00bb4.14.5&#8243; _module_preset=\u00bbdefault\u00bb global_colors_info=\u00bb{}\u00bb][et_pb_image src=\u00bbhttps:\/\/www.serinfe.com\/kit-digital\/wp-content\/uploads\/2022\/01\/crm_84_.png\u00bb title_text=\u00bbcrm_84_\u00bb [&hellip;]<\/p>\n","protected":false},"author":1,"featured_media":0,"parent":0,"menu_order":0,"comment_status":"closed","ping_status":"closed","template":"","meta":{"_et_pb_use_builder":"on","_et_pb_old_content":"","_et_gb_content_width":""},"_links":{"self":[{"href":"https:\/\/www.serinfe.com\/kit-digital\/wp-json\/wp\/v2\/pages\/332090"}],"collection":[{"href":"https:\/\/www.serinfe.com\/kit-digital\/wp-json\/wp\/v2\/pages"}],"about":[{"href":"https:\/\/www.serinfe.com\/kit-digital\/wp-json\/wp\/v2\/types\/page"}],"author":[{"embeddable":true,"href":"https:\/\/www.serinfe.com\/kit-digital\/wp-json\/wp\/v2\/users\/1"}],"replies":[{"embeddable":true,"href":"https:\/\/www.serinfe.com\/kit-digital\/wp-json\/wp\/v2\/comments?post=332090"}],"version-history":[{"count":13,"href":"https:\/\/www.serinfe.com\/kit-digital\/wp-json\/wp\/v2\/pages\/332090\/revisions"}],"predecessor-version":[{"id":332318,"href":"https:\/\/www.serinfe.com\/kit-digital\/wp-json\/wp\/v2\/pages\/332090\/revisions\/332318"}],"wp:attachment":[{"href":"https:\/\/www.serinfe.com\/kit-digital\/wp-json\/wp\/v2\/media?parent=332090"}],"curies":[{"name":"wp","href":"https:\/\/api.w.org\/{rel}","templated":true}]}}